{"id":354,"date":"2023-04-08T01:38:48","date_gmt":"2023-04-07T21:38:48","guid":{"rendered":"https:\/\/samyloc.re\/?page_id=354"},"modified":"2023-04-08T01:39:52","modified_gmt":"2023-04-07T21:39:52","slug":"mais-aussi-un-large-choix-dutilitaires","status":"publish","type":"page","link":"https:\/\/samyloc.re\/index.php\/mais-aussi-un-large-choix-dutilitaires\/","title":{"rendered":"Mais aussi un large choix d\u2019utilitaires"},"content":{"rendered":"<p>Notre gamme de v\u00e9hicules utilitaires sera r\u00e9pondre \u00e0 vos besoins!<\/p>\n","protected":false},"excerpt":{"rendered":"<p>Notre gamme de v\u00e9hicules utilitaires sera r\u00e9pondre \u00e0 vos besoins!<\/p>\n","protected":false},"author":1,"featured_media":356,"parent":0,"menu_order":0,"comment_status":"closed","ping_status":"closed","template":"","meta":{"footnotes":""},"class_list":["post-354","page","type-page","status-publish","has-post-thumbnail","hentry"],"_links":{"self":[{"href":"https:\/\/samyloc.re\/index.php\/wp-json\/wp\/v2\/pages\/354"}],"collection":[{"href":"https:\/\/samyloc.re\/index.php\/wp-json\/wp\/v2\/pages"}],"about":[{"href":"https:\/\/samyloc.re\/index.php\/wp-json\/wp\/v2\/types\/page"}],"author":[{"embeddable":true,"href":"https:\/\/samyloc.re\/index.php\/wp-json\/wp\/v2\/users\/1"}],"replies":[{"embeddable":true,"href":"https:\/\/samyloc.re\/index.php\/wp-json\/wp\/v2\/comments?post=354"}],"version-history":[{"count":1,"href":"https:\/\/samyloc.re\/index.php\/wp-json\/wp\/v2\/pages\/354\/revisions"}],"predecessor-version":[{"id":355,"href":"https:\/\/samyloc.re\/index.php\/wp-json\/wp\/v2\/pages\/354\/revisions\/355"}],"wp:featuredmedia":[{"embeddable":true,"href":"https:\/\/samyloc.re\/index.php\/wp-json\/wp\/v2\/media\/356"}],"wp:attachment":[{"href":"https:\/\/samyloc.re\/index.php\/wp-json\/wp\/v2\/media?parent=354"}],"curies":[{"name":"wp","href":"https:\/\/api.w.org\/{rel}","templated":true}]}}